{"id":8,"date":"2026-01-18T23:32:34","date_gmt":"2026-01-18T23:32:34","guid":{"rendered":"https:\/\/acrossthelimit.com\/?page_id=8"},"modified":"2026-02-03T17:09:50","modified_gmt":"2026-02-03T17:09:50","slug":"nosotros","status":"publish","type":"page","link":"https:\/\/acrossthelimit.com\/en\/nosotros\/","title":{"rendered":"About us"},"content":{"rendered":"<div class=\"wp-block-uagb-container uagb-block-9da6443e alignfull uagb-is-root-container\">\n<div class=\"wp-block-uagb-container uagb-block-2ddbb21a\">\n<div class=\"wp-block-uagb-image uagb-block-8ceafee8 wp-block-uagb-image--layout-default wp-block-uagb-image--effect-static wp-block-uagb-image--align-none\"><figure class=\"wp-block-uagb-image__figure\"><img decoding=\"async\" srcset=\"https:\/\/acrossthelimit.com\/wp-content\/uploads\/2026\/01\/AtL_completo_blanco-1024x521.png ,https:\/\/acrossthelimit.com\/wp-content\/uploads\/2026\/01\/AtL_completo_blanco-scaled.png 780w, https:\/\/acrossthelimit.com\/wp-content\/uploads\/2026\/01\/AtL_completo_blanco-scaled.png 360w\" sizes=\"auto, (max-width: 480px) 150px\" src=\"https:\/\/acrossthelimit.com\/wp-content\/uploads\/2026\/01\/AtL_completo_blanco-1024x521.png\" alt=\"\" class=\"uag-image-161\" width=\"600\" height=\"309\" title=\"AtL_completo_blanco\" loading=\"lazy\" role=\"img\"\/><\/figure><\/div>\n<\/div>\n<\/div>\n\n\n\n<div class=\"wp-block-uagb-container uagb-block-45d2c79f alignfull uagb-is-root-container\">\n<div class=\"wp-block-uagb-separator uagb-block-56bfb1bb\"><div class=\"uagb-separator-spacing-wrapper\"><div class=\"wp-block-uagb-separator__inner\" style=\"--my-background-image:\"><\/div><\/div><\/div>\n\n\n\n<h2 class=\"wp-block-heading has-text-align-center has-ast-global-color-4-color has-text-color has-link-color has-large-font-size wp-elements-addc6646dca5924f094604534d8a6f83\" style=\"margin-top:0;margin-bottom:0\">EXPLORE WITHOUT LIMITS<\/h2>\n\n\n\n<p class=\"has-text-align-center has-ast-global-color-4-color has-text-color has-link-color wp-elements-7cb71fccef83471185fe6f72c15d384a\" style=\"margin-top:0;margin-bottom:0\">Step out of the routine, conquer breathtaking landscapes, and uncover the magic of Peru\u2019s hidden corners.<br>Every journey is an opportunity to connect with nature, culture, and yourself.<\/p>\n\n\n\n<div class=\"wp-block-uagb-separator uagb-block-cab0a2d7\"><div class=\"uagb-separator-spacing-wrapper\"><div class=\"wp-block-uagb-separator__inner\" style=\"--my-background-image:\"><\/div><\/div><\/div>\n<\/div>\n\n\n\n<div class=\"wp-block-media-text alignfull has-media-on-the-right is-stacked-on-mobile is-image-fill-element\" style=\"margin-top:0;margin-bottom:0;padding-top:var(--wp--preset--spacing--40);padding-right:var(--wp--preset--spacing--40);padding-bottom:var(--wp--preset--spacing--40);padding-left:var(--wp--preset--spacing--40)\"><div class=\"wp-block-media-text__content\">\n<p style=\"margin-top:0;margin-right:0;margin-bottom:0;margin-left:0;padding-top:0;padding-right:0;padding-bottom:0;padding-left:0;font-size:36px;line-height:1\" class=\"translation-block\"><strong>FOLLOWING THE <br>PATHS OF <br>AUTHENTICITY<\/strong><\/p>\n\n\n\n<div class=\"wp-block-uagb-separator uagb-block-529b0c64\"><div class=\"uagb-separator-spacing-wrapper\"><div class=\"wp-block-uagb-separator__inner\" style=\"--my-background-image:\"><\/div><\/div><\/div>\n\n\n\n<p style=\"margin-top:0;margin-right:0;margin-bottom:0;margin-left:0;padding-top:0;padding-right:0;padding-bottom:0;padding-left:0\">At Across The Limit we believe that travel is more than just exploring landscapes\u2014it\u2019s about immersing yourself in living stories, sharing traditions, and feeling the energy of every place you visit.<br><br>Our mission is to provide authentic and sustainable experiences, guiding travelers through Peru\u2019s most extraordinary landscapes, flavors, and traditions.<br>We work closely with local communities, honoring their culture and supporting their development, ensuring that every adventure leaves a positive impact.<br><br>Let us be your guide on this journey of discovery,<br>connection, and learning. Because Peru isn\u2019t just a destination\u2014it\u2019s an experience to be lived!<\/p>\n<\/div><figure class=\"wp-block-media-text__media\"><img loading=\"lazy\" decoding=\"async\" width=\"942\" height=\"1024\" src=\"https:\/\/acrossthelimit.com\/wp-content\/uploads\/2026\/01\/EXPERIENCE-IN-PERU-942x1024.jpg\" alt=\"\" class=\"wp-image-95 size-large\" style=\"object-position:75% 56%\" srcset=\"https:\/\/acrossthelimit.com\/wp-content\/uploads\/2026\/01\/EXPERIENCE-IN-PERU-942x1024.jpg 942w, https:\/\/acrossthelimit.com\/wp-content\/uploads\/2026\/01\/EXPERIENCE-IN-PERU-276x300.jpg 276w, https:\/\/acrossthelimit.com\/wp-content\/uploads\/2026\/01\/EXPERIENCE-IN-PERU-768x835.jpg 768w, https:\/\/acrossthelimit.com\/wp-content\/uploads\/2026\/01\/EXPERIENCE-IN-PERU.jpg 1242w\" sizes=\"auto, (max-width: 942px) 100vw, 942px\" \/><\/figure><\/div>\n\n\n\n<div class=\"wp-block-uagb-container uagb-block-cf516e52 alignfull uagb-is-root-container\">\n<div class=\"wp-block-uagb-separator uagb-block-e848bc39\"><div class=\"uagb-separator-spacing-wrapper\"><div class=\"wp-block-uagb-separator__inner\" style=\"--my-background-image:\"><\/div><\/div><\/div>\n\n\n\n<p class=\"has-text-align-center has-ast-global-color-4-color has-text-color has-link-color has-large-font-size wp-elements-9fd3bdf2e66b980b044b7521556c7a92\" style=\"margin-top:0;margin-bottom:0\"><strong>DISCOVER BEYOND<\/strong><\/p>\n\n\n\n<p class=\"has-text-align-center has-ast-global-color-4-color has-text-color has-link-color wp-elements-bee5934e99ee4053e13d3beead0b2ba1 translation-block\" style=\"margin-top:0;margin-right:0;margin-bottom:0;margin-left:0;padding-right:0;padding-left:0\"><strong>Travel is much more than visiting places; it is about immersing yourself in new cultures, discovering hidden stories<br>and creating meaningful connections. At Across The Limit, we take you beyond<br>the conventional, guiding you through authentic experiences that reveal the true essence<br>of Peru.<\/strong><\/p>\n\n\n\n<div class=\"wp-block-uagb-separator uagb-block-5602bab9\"><div class=\"uagb-separator-spacing-wrapper\"><div class=\"wp-block-uagb-separator__inner\" style=\"--my-background-image:\"><\/div><\/div><\/div>\n<\/div>\n\n\n\n<div class=\"wp-block-media-text alignfull is-stacked-on-mobile is-image-fill-element\"><figure class=\"wp-block-media-text__media\"><img loading=\"lazy\" decoding=\"async\" width=\"1024\" height=\"1005\" src=\"https:\/\/acrossthelimit.com\/wp-content\/uploads\/2026\/01\/PERUVIAN-TEXTIL-1024x1005.jpg\" alt=\"\" class=\"wp-image-104 size-full\" style=\"object-position:50% 50%\" srcset=\"https:\/\/acrossthelimit.com\/wp-content\/uploads\/2026\/01\/PERUVIAN-TEXTIL-1024x1005.jpg 1024w, https:\/\/acrossthelimit.com\/wp-content\/uploads\/2026\/01\/PERUVIAN-TEXTIL-300x295.jpg 300w, https:\/\/acrossthelimit.com\/wp-content\/uploads\/2026\/01\/PERUVIAN-TEXTIL-768x754.jpg 768w, https:\/\/acrossthelimit.com\/wp-content\/uploads\/2026\/01\/PERUVIAN-TEXTIL.jpg 1426w\" sizes=\"auto, (max-width: 1024px) 100vw, 1024px\" \/><\/figure><div class=\"wp-block-media-text__content\">\n<p class=\"has-large-font-size\" style=\"margin-top:var(--wp--preset--spacing--30);margin-right:var(--wp--preset--spacing--60);margin-bottom:var(--wp--preset--spacing--30);margin-left:var(--wp--preset--spacing--60)\"><strong>LIVING CULTURE<\/strong><\/p>\n\n\n\n<p style=\"padding-right:var(--wp--preset--spacing--60);padding-left:var(--wp--preset--spacing--60)\">Culture is not a static concept; it is a living experience that evolves over time while remaining deeply rooted in the identity of its people. In Peru, culture is woven into the landscapes and villages, felt in vibrant festivities, and savored in every traditional dish\u2014creating a bridge between the ancient past and the present.<br><br>For travelers, experiencing Peru\u2019s living culture means going beyond landscapes and monuments. It\u2019s about immersing yourself in a world where the colors of handmade textiles tell stories of the Andes, where music and dance express the soul of the people, and where sharing a meal is an act of gratitude and connection.<br><br>Across the country, there are countless opportunities to witness the authenticity of these traditions. On our journeys, we invite you to open your senses, learn with your heart, and take a piece of Peru with you.<br><\/p>\n<\/div><\/div>\n\n\n\n<div class=\"wp-block-uagb-container uagb-block-0fc64dd6 alignfull uagb-is-root-container\">\n<div class=\"wp-block-uagb-separator uagb-block-7329252b\"><div class=\"uagb-separator-spacing-wrapper\"><div class=\"wp-block-uagb-separator__inner\" style=\"--my-background-image:\"><\/div><\/div><\/div>\n\n\n\n<p class=\"has-text-align-center has-ast-global-color-4-color has-text-color has-link-color wp-elements-bd230b359ce1bf3c68e6f668db0e8d89\" style=\"margin-top:0;margin-bottom:0;font-size:55px\"><strong>LET'S TALK<\/strong><\/p>\n\n\n\n<p class=\"has-text-align-center has-ast-global-color-4-color has-text-color has-link-color wp-elements-b0d63c85f1b13ee06218d2bf250459cf translation-block\" style=\"margin-top:0;margin-bottom:0\"><strong>We are here to help you take the first step towards an unforgettable experience.<br>Let\u2019s make your dream of exploring Peru a reality.<\/strong><\/p>\n\n\n<style>.wp-block-kadence-advancedbtn.kb-btns8_537b56-a1{gap:var(--global-kb-gap-xs, 0.5rem );justify-content:center;align-items:center;}.kt-btns8_537b56-a1 .kt-button{font-weight:normal;font-style:normal;}.kt-btns8_537b56-a1 .kt-btn-wrap-0{margin-right:5px;}.wp-block-kadence-advancedbtn.kt-btns8_537b56-a1 .kt-btn-wrap-0 .kt-button{color:#555555;border-color:#555555;}.wp-block-kadence-advancedbtn.kt-btns8_537b56-a1 .kt-btn-wrap-0 .kt-button:hover, .wp-block-kadence-advancedbtn.kt-btns8_537b56-a1 .kt-btn-wrap-0 .kt-button:focus{color:#ffffff;border-color:#444444;}.wp-block-kadence-advancedbtn.kt-btns8_537b56-a1 .kt-btn-wrap-0 .kt-button::before{display:none;}.wp-block-kadence-advancedbtn.kt-btns8_537b56-a1 .kt-btn-wrap-0 .kt-button:hover, .wp-block-kadence-advancedbtn.kt-btns8_537b56-a1 .kt-btn-wrap-0 .kt-button:focus{background:#444444;}<\/style>\n<div class=\"wp-block-kadence-advancedbtn kb-buttons-wrap kb-btns8_537b56-a1\"><style>ul.menu .wp-block-kadence-advancedbtn .kb-btn8_650d64-8b.kb-button{width:initial;}.wp-block-kadence-advancedbtn .kb-btn8_650d64-8b.kb-button{background:var(--ast-global-color-7);}.wp-block-kadence-advancedbtn .kb-btn8_650d64-8b.kb-button:hover, .wp-block-kadence-advancedbtn .kb-btn8_650d64-8b.kb-button:focus{background:var(--ast-global-color-2);}<\/style><a class=\"kb-button kt-button button kb-btn8_650d64-8b kt-btn-size-standard kt-btn-width-type-auto kb-btn-global-fill  kt-btn-has-text-true kt-btn-has-svg-false  wp-block-kadence-singlebtn\" href=\"\/en\/contacto\/\"><span class=\"kt-btn-inner-text\"><strong>Contact us<\/strong><\/span><\/a><\/div>\n\n\n\n<div class=\"wp-block-uagb-separator uagb-block-9bb72aee\"><div class=\"uagb-separator-spacing-wrapper\"><div class=\"wp-block-uagb-separator__inner\" style=\"--my-background-image:\"><\/div><\/div><\/div>\n<\/div>\n\n\n\n<p><\/p>","protected":false},"excerpt":{"rendered":"<p>DESCUBRE SIN L\u00cdMITES Atr\u00e9vete a salir de la rutina, conquistar paisajes \u00fanicos y descubrir la magia de cada rinc\u00f3n de Per\u00fa.Cada viaje es una oportunidad para conectar con la naturaleza, la cultura y contigo mismo. CONOCER M\u00c1S ALL\u00c1 Viajar es mucho m\u00e1s que visitar lugares; es sumergirse en nuevas culturas, descubrir historiasocultas y crear conexiones [&hellip;]<\/p>","protected":false},"author":1,"featured_media":0,"parent":0,"menu_order":0,"comment_status":"closed","ping_status":"closed","template":"","meta":{"_uag_custom_page_level_css":"","site-sidebar-layout":"default","site-content-layout":"","ast-site-content-layout":"default","site-content-style":"default","site-sidebar-style":"default","ast-global-header-display":"","ast-banner-title-visibility":"","ast-main-header-display":"","ast-hfb-above-header-display":"","ast-hfb-below-header-display":"","ast-hfb-mobile-header-display":"","site-post-title":"disabled","ast-breadcrumbs-content":"","ast-featured-img":"","footer-sml-layout":"","ast-disable-related-posts":"","theme-transparent-header-meta":"","adv-header-id-meta":"","stick-header-meta":"","header-above-stick-meta":"","header-main-stick-meta":"","header-below-stick-meta":"","astra-migrate-meta-layouts":"default","ast-page-background-enabled":"default","ast-page-background-meta":{"desktop":{"background-color":"var(--ast-global-color-5)","background-image":"","background-repeat":"repeat","background-position":"center center","background-size":"auto","background-attachment":"scroll","background-type":"","background-media":"","overlay-type":"","overlay-color":"","overlay-opacity":"","overlay-gradient":""},"tablet":{"background-color":"","background-image":"","background-repeat":"repeat","background-position":"center center","background-size":"auto","background-attachment":"scroll","background-type":"","background-media":"","overlay-type":"","overlay-color":"","overlay-opacity":"","overlay-gradient":""},"mobile":{"background-color":"","background-image":"","background-repeat":"repeat","background-position":"center center","background-size":"auto","background-attachment":"scroll","background-type":"","background-media":"","overlay-type":"","overlay-color":"","overlay-opacity":"","overlay-gradient":""}},"ast-content-background-meta":{"desktop":{"background-color":"var(--ast-global-color-4)","background-image":"","background-repeat":"repeat","background-position":"center center","background-size":"auto","background-attachment":"scroll","background-type":"","background-media":"","overlay-type":"","overlay-color":"","overlay-opacity":"","overlay-gradient":""},"tablet":{"background-color":"var(--ast-global-color-4)","background-image":"","background-repeat":"repeat","background-position":"center center","background-size":"auto","background-attachment":"scroll","background-type":"","background-media":"","overlay-type":"","overlay-color":"","overlay-opacity":"","overlay-gradient":""},"mobile":{"background-color":"var(--ast-global-color-4)","background-image":"","background-repeat":"repeat","background-position":"center center","background-size":"auto","background-attachment":"scroll","background-type":"","background-media":"","overlay-type":"","overlay-color":"","overlay-opacity":"","overlay-gradient":""}},"footnotes":""},"class_list":["post-8","page","type-page","status-publish","hentry"],"_hostinger_reach_plugin_has_subscription_block":false,"_hostinger_reach_plugin_is_elementor":false,"uagb_featured_image_src":{"full":false,"thumbnail":false,"medium":false,"medium_large":false,"large":false,"1536x1536":false,"2048x2048":false,"trp-custom-language-flag":false},"uagb_author_info":{"display_name":"claud.monjaras@gmail.com","author_link":"https:\/\/acrossthelimit.com\/en\/author\/claud-monjarasgmail-com\/"},"uagb_comment_info":0,"uagb_excerpt":"DESCUBRE SIN L\u00cdMITES Atr\u00e9vete a salir de la rutina, conquistar paisajes \u00fanicos y descubrir la magia de cada rinc\u00f3n de Per\u00fa.Cada viaje es una oportunidad para conectar con la naturaleza, la cultura y contigo mismo. CONOCER M\u00c1S ALL\u00c1 Viajar es mucho m\u00e1s que visitar lugares; es sumergirse en nuevas culturas, descubrir historiasocultas y crear conexiones&hellip;","_links":{"self":[{"href":"https:\/\/acrossthelimit.com\/en\/wp-json\/wp\/v2\/pages\/8","targetHints":{"allow":["GET"]}}],"collection":[{"href":"https:\/\/acrossthelimit.com\/en\/wp-json\/wp\/v2\/pages"}],"about":[{"href":"https:\/\/acrossthelimit.com\/en\/wp-json\/wp\/v2\/types\/page"}],"author":[{"embeddable":true,"href":"https:\/\/acrossthelimit.com\/en\/wp-json\/wp\/v2\/users\/1"}],"replies":[{"embeddable":true,"href":"https:\/\/acrossthelimit.com\/en\/wp-json\/wp\/v2\/comments?post=8"}],"version-history":[{"count":47,"href":"https:\/\/acrossthelimit.com\/en\/wp-json\/wp\/v2\/pages\/8\/revisions"}],"predecessor-version":[{"id":549,"href":"https:\/\/acrossthelimit.com\/en\/wp-json\/wp\/v2\/pages\/8\/revisions\/549"}],"wp:attachment":[{"href":"https:\/\/acrossthelimit.com\/en\/wp-json\/wp\/v2\/media?parent=8"}],"curies":[{"name":"wp","href":"https:\/\/api.w.org\/{rel}","templated":true}]}}