{"id":14,"date":"2026-01-18T23:33:32","date_gmt":"2026-01-18T23:33:32","guid":{"rendered":"https:\/\/acrossthelimit.com\/?page_id=14"},"modified":"2026-04-15T02:38:26","modified_gmt":"2026-04-15T02:38:26","slug":"contacto","status":"publish","type":"page","link":"https:\/\/acrossthelimit.com\/en\/contacto\/","title":{"rendered":"Contact us"},"content":{"rendered":"<div class=\"wp-block-uagb-container uagb-block-757d8efe alignfull uagb-is-root-container\"><div class=\"uagb-container-inner-blocks-wrap\">\n<div class=\"wp-block-uagb-advanced-heading uagb-block-53c68459\"><h1 class=\"uagb-heading-text\">CONTACT US<\/h1><\/div>\n\n\n\n<div class=\"wp-block-uagb-separator uagb-block-70bf0a3e\"><div class=\"wp-block-uagb-separator__inner\" style=\"--my-background-image:\"><\/div><\/div>\n\n\n\n<p class=\"has-text-align-center has-ast-global-color-4-color has-text-color has-link-color wp-elements-a1326c162b66a220db35e470ba3302f4 translation-block\" style=\"margin-top:0;margin-right:0;margin-bottom:0;margin-left:0;padding-right:var(--wp--preset--spacing--70);padding-left:var(--wp--preset--spacing--70)\"><strong>Ready to design your next tailor made journey?<br>Our team of local experts is ready to listen, guide you and turn your ideas into a truly unique adventure. You can reach us through the form, by email or via WhatsApp. We respond quickly and with care, because we know how important it is to plan every detail.<\/strong><\/p>\n\n\n\n<p><\/p>\n<\/div><\/div>\n\n\n\n<div class=\"wp-block-uagb-container uagb-block-0d5ba093 alignfull uagb-is-root-container\"><div class=\"uagb-container-inner-blocks-wrap\">\n<div class=\"wp-block-uagb-container uagb-block-72b70fe1\"><div class='fluentform ff-default fluentform_wrapper_3  ff_guten_block ff_guten_block-3 ffs_default_wrap'><form data-form_id=\"3\" id=\"fluentform_3\" class=\"frm-fluent-form fluent_form_3 ff-el-form-top ff_form_instance_3_1 ff-form-loading ffs_default\" data-form_instance=\"ff_form_instance_3_1\" method=\"POST\" action=\"\" ><fieldset  style=\"border: none!important;margin: 0!important;padding: 0!important;background-color: transparent!important;box-shadow: none!important;outline: none!important; min-inline-size: 100%;\">\n                    <legend class=\"ff_screen_reader_title\" style=\"display: block; margin: 0!important;padding: 0!important;height: 0!important;text-indent: -999999px;width: 0!important;overflow:hidden;\">Formulario contacto es<\/legend><input type='hidden' name='__fluent_form_embded_post_id' value='14' \/><input type=\"hidden\" id=\"_fluentform_3_fluentformnonce\" name=\"_fluentform_3_fluentformnonce\" value=\"0bec9ef60f\" \/><input type=\"hidden\" name=\"_wp_http_referer\" value=\"\/en\/wp-json\/wp\/v2\/pages\/14\" \/><div data-type=\"name-element\" data-name=\"names\" class=\"ff-field_container ff-name-field-wrapper\" ><div class='ff-t-container'><div class='ff-t-cell'><div class='ff-el-group ff-el-form-top'><div class=\"ff-el-input--label ff-el-is-required asterisk-right\"><label for='ff_3_names_first_name_' id='label_ff_3_names_first_name_' >Name<\/label><\/div><div class='ff-el-input--content'><input type=\"text\" name=\"names[first_name]\" id=\"ff_3_names_first_name_\" class=\"ff-el-form-control\" placeholder=\"Enter your name\" aria-invalid=\"false\" aria-required=\"true\"><\/div><\/div><\/div><div class='ff-t-cell'><div class='ff-el-group ff-el-form-top'><div class=\"ff-el-input--label ff-el-is-required asterisk-right\"><label for='ff_3_names_last_name_' id='label_ff_3_names_last_name_' >Last Name<\/label><\/div><div class='ff-el-input--content'><input type=\"text\" name=\"names[last_name]\" id=\"ff_3_names_last_name_\" class=\"ff-el-form-control\" placeholder=\"Enter your last name\" aria-invalid=\"false\" aria-required=\"true\"><\/div><\/div><\/div><\/div><\/div><div class='ff-el-group'><div class=\"ff-el-input--label ff-el-is-required asterisk-right\"><label for='ff_3_email' id='label_ff_3_email' aria-label=\"Email\">Email<\/label><\/div><div class='ff-el-input--content'><input type=\"email\" name=\"email\" id=\"ff_3_email\" class=\"ff-el-form-control\" placeholder=\"Enter your email\" data-name=\"email\"  aria-invalid=\"false\" aria-required=\"true\"><\/div><\/div><div class='ff-el-group'><div class=\"ff-el-input--label ff-el-is-required asterisk-right\"><label for='ff_3_dropdown' id='label_ff_3_dropdown' aria-label=\"Choose a destination\">Choose a destination <\/label><\/div><div class='ff-el-input--content'><select name=\"dropdown\" id=\"ff_3_dropdown\" class=\"ff-el-form-control\" data-name=\"dropdown\" data-calc_value=\"0\"  aria-invalid=\"false\" aria-required=\"true\" aria-labelledby=\"label_ff_3_dropdown\"><option value=\"\">Selecciona un destino \/ Select a destination<\/option><option value=\"Machu Picchu\"  >Machu Picchu<\/option><option value=\"Palcoyo\"  >Palcoyo<\/option><option value=\"Cusco &amp; Valle Sagrado \/ Sacred Valley\"  >Cusco &#038; Valle Sagrado \/ Sacred Valley<\/option><option value=\"Arequipa &amp; Ca\u00f1\u00f3n del Colca \/ Colca Canyon\"  >Arequipa &#038; Ca\u00f1\u00f3n del Colca \/ Colca Canyon<\/option><option value=\"Ausangate Trek\"  >Ausangate Trek<\/option><option value=\"Choquequirao \/ Machu Picchu\"  >Choquequirao \/ Machu Picchu<\/option><option value=\"Waqrapukara &amp; Palcoyo\"  >Waqrapukara &#038; Palcoyo<\/option><option value=\"Camino Inca \/ Inca Trail\"  >Camino Inca \/ Inca Trail<\/option><option value=\"Viaje a medida \/ Tailor-Made Journey\"  >Viaje a medida \/ Tailor-Made Journey<\/option><\/select><\/div><\/div><div class='ff-el-group'><div class=\"ff-el-input--label ff-el-is-required asterisk-right\"><label for='ff_3_dropdown_1' id='label_ff_3_dropdown_1' aria-label=\"Trip duration\">Trip duration<\/label><\/div><div class='ff-el-input--content'><select name=\"dropdown_1\" id=\"ff_3_dropdown_1\" class=\"ff-el-form-control\" data-name=\"dropdown_1\" data-calc_value=\"0\"  aria-invalid=\"false\" aria-required=\"true\" aria-labelledby=\"label_ff_3_dropdown_1\"><option value=\"\">Selecciona la duraci\u00f3n \/ Select trip duration<\/option><option value=\"3 a 5 d\u00edas \/ 3\u20135 days\"  >3 a 5 d\u00edas \/ 3\u20135 days<\/option><option value=\"6 a 9 d\u00edas \/ 6\u20139 days\"  >6 a 9 d\u00edas \/ 6\u20139 days<\/option><option value=\"10 a 14 d\u00edas \/ 10\u201314 days\"  >10 a 14 d\u00edas \/ 10\u201314 days<\/option><option value=\"15+ d\u00edas \/ 15+ days\"  >15+ d\u00edas \/ 15+ days<\/option><\/select><\/div><\/div><div class='ff-el-group'><div class=\"ff-el-input--label asterisk-right\"><label for='ff_3_input_text' id='label_ff_3_input_text' aria-label=\"Tell us about your dream trip\">Tell us about your dream trip<\/label><\/div><div class='ff-el-input--content'><input type=\"text\" name=\"input_text\" class=\"ff-el-form-control\" placeholder=\"What would you like to experience? Approximate dates? Are you travelling solo, as a couple or with a group?\" data-name=\"input_text\" id=\"ff_3_input_text\"  aria-invalid=\"false\" aria-required=\"false\"><\/div><\/div><div class='ff-el-group ff-text-center ff_submit_btn_wrapper'><button type=\"submit\" class=\"ff-btn ff-btn-submit ff-btn-md ff_btn_style wpf_has_custom_css\"  aria-label=\"Send request\">Send request<\/button><\/div><\/fieldset><input type=\"hidden\" name=\"trp-form-language\" value=\"en\"\/><\/form><div id='fluentform_3_errors' class='ff-errors-in-stack ff_form_instance_3_1 ff-form-loading_errors ff_form_instance_3_1_errors'><\/div><\/div>            <script type=\"text\/javascript\">\n                window.fluent_form_ff_form_instance_3_1 = {\"id\":\"3\",\"settings\":{\"layout\":{\"labelPlacement\":\"top\",\"asteriskPlacement\":\"asterisk-right\",\"helpMessagePlacement\":\"with_label\",\"errorMessagePlacement\":\"inline\",\"cssClassName\":\"\"},\"restrictions\":{\"denyEmptySubmission\":{\"enabled\":false}}},\"form_instance\":\"ff_form_instance_3_1\",\"form_id_selector\":\"fluentform_3\",\"rules\":{\"names[first_name]\":{\"required\":{\"value\":true,\"message\":\"This field is required\",\"global_message\":\"This field is required\",\"global\":true}},\"names[middle_name]\":{\"required\":{\"value\":false,\"message\":\"This field is required\",\"global_message\":\"This field is required\",\"global\":true}},\"names[last_name]\":{\"required\":{\"value\":true,\"message\":\"This field is required\",\"global_message\":\"This field is required\",\"global\":true}},\"email\":{\"required\":{\"value\":true,\"message\":\"This field is required\",\"global_message\":\"This field is required\",\"global\":true},\"email\":{\"value\":true,\"message\":\"This field must contain a valid email\",\"global_message\":\"This field must contain a valid email\",\"global\":true}},\"dropdown\":{\"required\":{\"value\":true,\"message\":\"This field is required\",\"global_message\":\"This field is required\",\"global\":true}},\"dropdown_1\":{\"required\":{\"value\":true,\"message\":\"This field is required\",\"global_message\":\"This field is required\",\"global\":true}},\"input_text\":{\"required\":{\"value\":false,\"message\":\"This field is required\",\"global_message\":\"This field is required\",\"global\":true}}},\"debounce_time\":300};\n                            <\/script>\n            <\/div>\n\n\n\n<div class=\"wp-block-uagb-container uagb-block-1a90e505\">\n<div class=\"wp-block-uagb-image aligncenter uagb-block-9d55a705 wp-block-uagb-image--layout-default wp-block-uagb-image--effect-static wp-block-uagb-image--align-center\"><figure class=\"wp-block-uagb-image__figure\"><img decoding=\"async\" srcset=\"https:\/\/acrossthelimit.com\/wp-content\/uploads\/2026\/01\/MACHUPICCHU-TOURS-IN-PERU-515x1024.jpg ,https:\/\/acrossthelimit.com\/wp-content\/uploads\/2026\/01\/MACHUPICCHU-TOURS-IN-PERU.jpg 780w, https:\/\/acrossthelimit.com\/wp-content\/uploads\/2026\/01\/MACHUPICCHU-TOURS-IN-PERU.jpg 360w\" sizes=\"auto, (max-width: 480px) 150px\" src=\"https:\/\/acrossthelimit.com\/wp-content\/uploads\/2026\/01\/MACHUPICCHU-TOURS-IN-PERU-515x1024.jpg\" alt=\"\" class=\"uag-image-266\" width=\"515\" height=\"700\" title=\"MACHUPICCHU-TOURS-IN-PERU\" loading=\"lazy\" role=\"img\"\/><\/figure><\/div>\n<\/div>\n<\/div><\/div>\n\n\n\n<div class=\"wp-block-uagb-container uagb-block-3691f0d4 alignfull uagb-is-root-container\"><div class=\"uagb-container-inner-blocks-wrap\">\n<h2 class=\"wp-block-heading has-text-align-center has-ast-global-color-7-color has-text-color has-link-color wp-elements-22e81a5e0fb0e88857d0ab867f62bd85\" style=\"margin-top:var(--wp--preset--spacing--70)\"><strong>How can we help you?<\/strong><\/h2>\n\n\n\n<ul style=\"padding-right:var(--wp--preset--spacing--80);padding-left:var(--wp--preset--spacing--80)\" class=\"wp-block-list\">\n<li class=\"has-ast-global-color-4-color has-text-color has-link-color wp-elements-6f96b77b37cdecce7319cada8a36923b translation-block\"><strong>Personalised advice for tailor made journeys in Peru<\/strong>. Tell us about your interests adventure, culture, gastronomy or wellness and we will create a unique itinerary just for you.<\/li>\n\n\n\n<li class=\"has-ast-global-color-4-color has-text-color has-link-color wp-elements-830cc917d51b9f1e5117a7d766be5630 translation-block\"><strong>Information about destinations and services<\/strong>. If you have questions about routes, accommodation, transport or activities, we are here to help.<\/li>\n\n\n\n<li class=\"has-ast-global-color-4-color has-text-color has-link-color wp-elements-f1c713e04dec2003ea74786ab5f8f70a translation-block\" style=\"margin-right:0;margin-bottom:var(--wp--preset--spacing--60);margin-left:0\"><strong>Bookings and confirmations<\/strong>. We manage all the necessary reservations so you can travel with peace of mind.<\/li>\n<\/ul>\n<\/div><\/div>","protected":false},"excerpt":{"rendered":"<p>CONT\u00c1CTANOS \u00bfListo para dise\u00f1ar tu pr\u00f3ximo viaje a medida? Nuestro equipo de expertos locales est\u00e1 listo para escucharte, asesorarte y convertir tus ideas en una aventura \u00fanica. Puedes comunicarte con nosotros por medio del formulario, correo electr\u00f3nico o WhatsApp. Respondemos con rapidez y dedicaci\u00f3n porque sabemos lo importante que es planificar cada detalle. \u00bfC\u00f3mo podemos [&hellip;]<\/p>","protected":false},"author":1,"featured_media":0,"parent":0,"menu_order":0,"comment_status":"closed","ping_status":"closed","template":"","meta":{"_uag_custom_page_level_css":"","site-sidebar-layout":"default","site-content-layout":"","ast-site-content-layout":"default","site-content-style":"default","site-sidebar-style":"default","ast-global-header-display":"","ast-banner-title-visibility":"","ast-main-header-display":"","ast-hfb-above-header-display":"","ast-hfb-below-header-display":"","ast-hfb-mobile-header-display":"","site-post-title":"disabled","ast-breadcrumbs-content":"","ast-featured-img":"","footer-sml-layout":"","ast-disable-related-posts":"","theme-transparent-header-meta":"","adv-header-id-meta":"","stick-header-meta":"","header-above-stick-meta":"","header-main-stick-meta":"","header-below-stick-meta":"","astra-migrate-meta-layouts":"default","ast-page-background-enabled":"default","ast-page-background-meta":{"desktop":{"background-color":"var(--ast-global-color-5)","background-image":"","background-repeat":"repeat","background-position":"center center","background-size":"auto","background-attachment":"scroll","background-type":"","background-media":"","overlay-type":"","overlay-color":"","overlay-opacity":"","overlay-gradient":""},"tablet":{"background-color":"","background-image":"","background-repeat":"repeat","background-position":"center center","background-size":"auto","background-attachment":"scroll","background-type":"","background-media":"","overlay-type":"","overlay-color":"","overlay-opacity":"","overlay-gradient":""},"mobile":{"background-color":"","background-image":"","background-repeat":"repeat","background-position":"center center","background-size":"auto","background-attachment":"scroll","background-type":"","background-media":"","overlay-type":"","overlay-color":"","overlay-opacity":"","overlay-gradient":""}},"ast-content-background-meta":{"desktop":{"background-color":"var(--ast-global-color-4)","background-image":"","background-repeat":"repeat","background-position":"center center","background-size":"auto","background-attachment":"scroll","background-type":"","background-media":"","overlay-type":"","overlay-color":"","overlay-opacity":"","overlay-gradient":""},"tablet":{"background-color":"var(--ast-global-color-4)","background-image":"","background-repeat":"repeat","background-position":"center center","background-size":"auto","background-attachment":"scroll","background-type":"","background-media":"","overlay-type":"","overlay-color":"","overlay-opacity":"","overlay-gradient":""},"mobile":{"background-color":"var(--ast-global-color-4)","background-image":"","background-repeat":"repeat","background-position":"center center","background-size":"auto","background-attachment":"scroll","background-type":"","background-media":"","overlay-type":"","overlay-color":"","overlay-opacity":"","overlay-gradient":""}},"footnotes":""},"class_list":["post-14","page","type-page","status-publish","hentry"],"_hostinger_reach_plugin_has_subscription_block":false,"_hostinger_reach_plugin_is_elementor":false,"uagb_featured_image_src":{"full":false,"thumbnail":false,"medium":false,"medium_large":false,"large":false,"1536x1536":false,"2048x2048":false,"trp-custom-language-flag":false},"uagb_author_info":{"display_name":"claud.monjaras@gmail.com","author_link":"https:\/\/acrossthelimit.com\/en\/author\/claud-monjarasgmail-com\/"},"uagb_comment_info":0,"uagb_excerpt":"CONT\u00c1CTANOS \u00bfListo para dise\u00f1ar tu pr\u00f3ximo viaje a medida? Nuestro equipo de expertos locales est\u00e1 listo para escucharte, asesorarte y convertir tus ideas en una aventura \u00fanica. Puedes comunicarte con nosotros por medio del formulario, correo electr\u00f3nico o WhatsApp. Respondemos con rapidez y dedicaci\u00f3n porque sabemos lo importante que es planificar cada detalle. \u00bfC\u00f3mo podemos&hellip;","_links":{"self":[{"href":"https:\/\/acrossthelimit.com\/en\/wp-json\/wp\/v2\/pages\/14","targetHints":{"allow":["GET"]}}],"collection":[{"href":"https:\/\/acrossthelimit.com\/en\/wp-json\/wp\/v2\/pages"}],"about":[{"href":"https:\/\/acrossthelimit.com\/en\/wp-json\/wp\/v2\/types\/page"}],"author":[{"embeddable":true,"href":"https:\/\/acrossthelimit.com\/en\/wp-json\/wp\/v2\/users\/1"}],"replies":[{"embeddable":true,"href":"https:\/\/acrossthelimit.com\/en\/wp-json\/wp\/v2\/comments?post=14"}],"version-history":[{"count":18,"href":"https:\/\/acrossthelimit.com\/en\/wp-json\/wp\/v2\/pages\/14\/revisions"}],"predecessor-version":[{"id":615,"href":"https:\/\/acrossthelimit.com\/en\/wp-json\/wp\/v2\/pages\/14\/revisions\/615"}],"wp:attachment":[{"href":"https:\/\/acrossthelimit.com\/en\/wp-json\/wp\/v2\/media?parent=14"}],"curies":[{"name":"wp","href":"https:\/\/api.w.org\/{rel}","templated":true}]}}